{"id":1083,"date":"2023-05-03T08:36:55","date_gmt":"2023-05-03T08:36:55","guid":{"rendered":"https:\/\/nakagarden.vn\/?page_id=1083"},"modified":"2023-05-03T08:36:55","modified_gmt":"2023-05-03T08:36:55","slug":"2nd-sky-room-dat-phong","status":"publish","type":"page","link":"https:\/\/nakagarden.vn\/index.php\/2nd-sky-room-dat-phong\/","title":{"rendered":"2nd Sky Room \u0110\u1eb7t ph\u00f2ng"},"content":{"rendered":"\t<section class=\"section\" id=\"section_1712041266\">\n\t\t<div class=\"bg section-bg fill bg-fill  bg-loaded\" >\n\n\t\t\t\n\t\t\t<div class=\"section-bg-overlay absolute fill\"><\/div>\n\t\t\t\n\n\t\t<\/div><!-- .section-bg -->\n\n\t\t<div class=\"section-content relative\">\n\t\t\t\n<div class=\"row row-collapse row-full-width\"  id=\"row-1405051152\">\n<div class=\"col small-12 large-12\"  ><div class=\"col-inner\"  >\n<div class=\"slider-wrapper relative\" id=\"slider-585242159\" >\n    <div class=\"slider slider-nav-circle slider-nav-large slider-nav-light slider-style-container\"\n        data-flickity-options='{\n            \"cellAlign\": \"center\",\n            \"imagesLoaded\": true,\n            \"lazyLoad\": 1,\n            \"freeScroll\": false,\n            \"wrapAround\": true,\n            \"autoPlay\": 6000,\n            \"pauseAutoPlayOnHover\" : true,\n            \"prevNextButtons\": true,\n            \"contain\" : true,\n            \"adaptiveHeight\" : true,\n            \"dragThreshold\" : 10,\n            \"percentPosition\": true,\n            \"pageDots\": true,\n            \"rightToLeft\": false,\n            \"draggable\": true,\n            \"selectedAttraction\": 0.1,\n            \"parallax\" : 0,\n            \"friction\": 0.6        }'\n        >\n        \n\t<div class=\"img has-hover x md-x lg-x y md-y lg-y\" id=\"image_147718355\">\n\t\t\t\t\t\t\t\t<div class=\"img-inner image-cover dark\" style=\"padding-top:327px;margin:0 0px 0px 0px;\">\n\t\t\t<img loading=\"lazy\" decoding=\"async\" width=\"1020\" height=\"576\" src=\"https:\/\/nakagarden.vn\/wp-content\/uploads\/2023\/02\/Deluxe-Twin-room-02-1024x578.jpg\" class=\"attachment-large size-large\" alt=\"\" srcset=\"https:\/\/nakagarden.vn\/wp-content\/uploads\/2023\/02\/Deluxe-Twin-room-02-1024x578.jpg 1024w, https:\/\/nakagarden.vn\/wp-content\/uploads\/2023\/02\/Deluxe-Twin-room-02-300x169.jpg 300w, https:\/\/nakagarden.vn\/wp-content\/uploads\/2023\/02\/Deluxe-Twin-room-02-768x434.jpg 768w, https:\/\/nakagarden.vn\/wp-content\/uploads\/2023\/02\/Deluxe-Twin-room-02.jpg 1280w\" sizes=\"auto, (max-width: 1020px) 100vw, 1020px\" \/>\t\t\t\t\t\t\n\t\t\t\t\t<\/div>\n\t\t\t\t\t\t\t\t\n<style scope=\"scope\">\n\n#image_147718355 {\n  width: 100%;\n}\n<\/style>\n\t<\/div>\n\t\n\t<div class=\"img has-hover x md-x lg-x y md-y lg-y\" id=\"image_202491082\">\n\t\t\t\t\t\t\t\t<div class=\"img-inner image-cover dark\" style=\"padding-top:327px;\">\n\t\t\t<img loading=\"lazy\" decoding=\"async\" width=\"820\" height=\"879\" src=\"https:\/\/nakagarden.vn\/wp-content\/uploads\/2023\/02\/Deluxe-Twin-room-01.jpg\" class=\"attachment-large size-large\" alt=\"\" srcset=\"https:\/\/nakagarden.vn\/wp-content\/uploads\/2023\/02\/Deluxe-Twin-room-01.jpg 820w, https:\/\/nakagarden.vn\/wp-content\/uploads\/2023\/02\/Deluxe-Twin-room-01-280x300.jpg 280w, https:\/\/nakagarden.vn\/wp-content\/uploads\/2023\/02\/Deluxe-Twin-room-01-768x823.jpg 768w\" sizes=\"auto, (max-width: 820px) 100vw, 820px\" \/>\t\t\t\t\t\t\n\t\t\t\t\t<\/div>\n\t\t\t\t\t\t\t\t\n<style scope=\"scope\">\n\n#image_202491082 {\n  width: 100%;\n}\n<\/style>\n\t<\/div>\n\t\n     <\/div>\n\n     <div class=\"loading-spin dark large centered\"><\/div>\n\n     <style scope=\"scope\">\n             <\/style>\n<\/div><!-- .ux-slider-wrapper -->\n\n\n<\/div><\/div>\n\n<style scope=\"scope\">\n\n<\/style>\n<\/div>\n\t\t<\/div><!-- .section-content -->\n\n\t\t\n<style scope=\"scope\">\n\n#section_1712041266 {\n  padding-top: 0px;\n  padding-bottom: 0px;\n  background-color: rgb(193, 193, 193);\n}\n#section_1712041266 .section-bg-overlay {\n  background-color: rgba(255, 255, 255, 0.85);\n}\n<\/style>\n\t<\/section>\n\t\n\t<section class=\"section\" id=\"section_1221037549\">\n\t\t<div class=\"bg section-bg fill bg-fill  bg-loaded\" >\n\n\t\t\t\n\t\t\t\n\t\t\t\n\n\t\t<\/div><!-- .section-bg -->\n\n\t\t<div class=\"section-content relative\">\n\t\t\t\n<div class=\"row\"  id=\"row-1659106000\">\n<div class=\"col medium-6 small-12 large-6\"  ><div class=\"col-inner text-left\"  >\n<p><span style=\"color: #000000;\"><strong><span style=\"font-size: 150%;\"> 2nd Sky Room (D11 &#038; D12)<\/span><\/strong><\/span><\/p>\n<p><span style=\"color: #000000;\">Gi\u00e1:<\/span><br \/>\n<span style=\"color: #000000;\"><strong><span style=\"font-size: 120%;\">1,490,000 VND \/ \u0111\u00eam\u00a0<\/span><\/strong><\/span><\/p>\n<p><span style=\"color: #000000;\"><strong>gi\u01b0\u1eddng<\/strong>:\u00a0 \u00a0 \u00a0 \u00a002 gi\u01b0\u1eddng \u0111\u01a1n<\/span><br \/>\n<span style=\"color: #000000;\"><strong>s\u1ed1 l\u01b0\u1ee3ng<\/strong>:\u00a0 \u00a0 02 ng\u01b0\u1eddi l\u1edbn<\/span><br \/>\n<span style=\"color: #000000;\"><strong>k\u00edch th\u01b0\u1edbc<\/strong>: 45m<sup>2<\/sup><\/span><br \/>\n<span style=\"color: #000000;\"><strong>h\u01b0\u1edbng<\/strong>:\u00a0 \u00a0 \u00a0 \u00a0 s\u1ea3nh ngo\u00e0i; h\u01b0\u1edbng v\u01b0\u1eddn <\/span><br \/>\n<span style=\"color: #000000;\"><strong>ti\u1ec7n nghi<\/strong>:\u00a0 \u00a0 t\u1ea7ng m\u1ed9t; v\u1ec7 sinh kh\u00e9p k\u00edn<\/span><br \/>\n<span style=\"color: #000000;\"><strong>D\u1ecbch v\u1ee5 ti\u1ec7n \u00edch mi\u1ec5n ph\u00ed<\/strong>: \u00a0truy c\u1eadp wifi, an ninh t\u1ea1i N\u00e0Ka Garden, \u0111\u1ed7 xe, khu ngh\u1ec9 gi\u1ea3i tr\u00ed v\u00e0 ch\u0103m s\u00f3c s\u1ee9c kho\u1ebb (karaoke, \u0111\u1ecdc s\u00e1ch, s\u01a1 c\u1ee9u), khu th\u1ec3 thao (gym, c\u1ea7u l\u00f4ng, b\u00f3ng b\u00e0n, bi-a, v.v). Ki\u1ec3m tra th\u00eam <a href=\"https:\/\/nakagarden.vn\/index.php\/dich-vu-tien-ich\/\">\u1edf \u0111\u00e2y.<\/a><\/span><\/p>\n<\/div><\/div>\n<div class=\"col medium-6 small-12 large-6\"  ><div class=\"col-inner\"  >\n<p><strong>\u0110\u1eb6T PH\u00d2NG NGAY<\/strong><br \/>\nTr\u01b0\u1eddng theo sau b\u1edfi *&#8230; l\u00e0 tr\u01b0\u1eddng b\u1eaft bu\u1ed9c<\/p>\n <div id=\"form_id680321878922\" class=\"wpdevelop\"><form  id=\"booking_form16\"   class=\"booking_form vertical\" method=\"post\" action=\"\"><div id=\"ajax_respond_insert16\" class=\"ajax_respond_insert\" style=\"display:none;\"><\/div><a name=\"bklnk16\" id=\"bklnk16\"><\/a><div id=\"booking_form_div16\" class=\"booking_form_div\"><div class=\"wpbc_booking_form_structure wpbc_vertical\">\r\n  <div class=\"wpbc_structure_calendar\">\r\n    <div class=\"wpbc_change_over_triangle\"><div class=\"bk_calendar_frame months_num_in_row_ cal_month_num_2 wpbc_timeslot_day_bg_as_available\" style=\"width:100%;max-width:568px;\"><div id=\"calendar_booking16\">Calendar is loading...<\/div><\/div><textarea id=\"date_booking16\" name=\"date_booking16\" autocomplete=\"off\" style=\"display:none;\"><\/textarea><div class=\"block_hints datepick \"><\/div><\/div>\r\n  <\/div>\r\n  <div class=\"wpbc_structure_form\">\r\n     <p>First Name*:<br \/><span class=\"wpdev-form-control-wrap name16\"><input type=\"text\" name=\"name16\" value=\"\" class=\"wpdev-validates-as-required\" size=\"40\" \/><\/span><\/p>\r\n     <p>Last Name*:<br \/><span class=\"wpdev-form-control-wrap secondname16\"><input type=\"text\" name=\"secondname16\" value=\"\" class=\"wpdev-validates-as-required\" size=\"40\" \/><\/span><\/p>\r\n     <p>Phone*:<br \/><span class=\"wpdev-form-control-wrap phone16\"><input type=\"text\" name=\"phone16\" value=\"\" class=\"wpdev-validates-as-required\" size=\"40\" \/><\/span><\/p>\r\n     <p>Email:<br \/><span class=\"wpdev-form-control-wrap email16\"><input type=\"text\" name=\"email16\" value=\"\" class=\"wpdev-validates-as-email\" size=\"40\" \/><\/span><\/p>\r\n     <p>Visitors:<br \/><span class=\"wpdev-form-control-wrap visitors16\"><select onchange=\"javascript:if(typeof( showCostHintInsideBkForm ) == 'function') {  showCostHintInsideBkForm(16);}\" name=\"visitors16\"><option value=\"1\">1<\/option><option value=\"2\">2<\/option><option value=\"3\">3<\/option><option value=\"4\">4<\/option><\/select><\/span><\/p>\r\n     <p>Details:<br \/><span class=\"wpdev-form-control-wrap details16\"><textarea name=\"details16\" cols=\"40\" rows=\"10\"><\/textarea><\/span><\/p>\r\n     <p><\/p>\r\n     <p><input type=\"button\" value=\"Send\" class=\"btn\" onclick=\"mybooking_submit(this.form,16, 'en_US' );\" \/><img decoding=\"async\" class=\"ajax-loader\"  style=\"vertical-align:middle;box-shadow:none;width:14px;visibility: hidden;\" alt=\"ajax loader\" src=\"https:\/\/nakagarden.vn\/wp-content\/plugins\/booking.personal.9.4.3.1\/assets\/img\/ajax-loader.gif\" \/><\/p>\r\n  <\/div>\r\n<\/div>\r\n<div class=\"wpbc_booking_form_footer\"><\/div><input id=\"bk_type16\" name=\"bk_type16\" class=\"\" type=\"hidden\" value=\"16\" \/><\/div><div id=\"submiting16\"><\/div><div class=\"form_bk_messages\" id=\"form_bk_messages16\" ><\/div><input type=\"hidden\" id=\"wpbc_nonce16\" name=\"wpbc_nonce16\" value=\"3095c30ebd\" \/><input type=\"hidden\" name=\"_wp_http_referer\" value=\"\/index.php\/wp-json\/wp\/v2\/pages\/1083\" \/><input type=\"hidden\" id=\"wpbc_nonceCALCULATE_THE_COST16\" name=\"wpbc_nonceCALCULATE_THE_COST16\" value=\"bfe9daf0aa\" \/><input type=\"hidden\" name=\"_wp_http_referer\" value=\"\/index.php\/wp-json\/wp\/v2\/pages\/1083\" \/><\/form><\/div><div id=\"booking_form_garbage16\" class=\"booking_form_garbage\"><\/div><script type=\"text\/javascript\">\n                                jQuery(document).ready( function(){\n                                    jQuery(\".widget_wpdev_booking .booking_form.form-horizontal\").removeClass(\"form-horizontal\");\n                                    var visible_booking_id_on_page_num = visible_booking_id_on_page.length;\n                                    if (visible_booking_id_on_page_num !== null ) {\n                                        for (var i=0;i< visible_booking_id_on_page_num ;i++){\n                                          if ( visible_booking_id_on_page[i]==\"booking_form_div16\" ) {\n                                              document.getElementById(\"form_id680321878922\").innerHTML = \"<span style='color:#A00;font-size:10px;'>Warning! Booking calendar for this booking resource are already at the page, please check more about this issue at this page: https:\/\/wpbookingcalendar.com\/faq\/why-the-booking-calendar-widget-not-show-on-page\/<\/span>\";                                                                                                  \n                                              jQuery(\"#form_id680321878922\").animate( {opacity: 1}, 10000 ).fadeOut(5000);\n                                              return;\n                                          }\n                                        }\n                                        visible_booking_id_on_page[ visible_booking_id_on_page_num ]=\"booking_form_div16\";\n                                    }\n                                });\n                            <\/script> <script type='text\/javascript'>  jQuery(document).ready( function(){  date_admin_blank[16] = [];  date2approve[16] = [];  var date_approved_par = [];  init_datepick_cal('16', date_approved_par, 2 , 1, false   );  }); <\/script>\n<\/div><\/div>\n<\/div>\n\t\t<\/div><!-- .section-content -->\n\n\t\t\n<style scope=\"scope\">\n\n#section_1221037549 {\n  padding-top: 30px;\n  padding-bottom: 30px;\n}\n<\/style>\n\t<\/section>\n\t\n","protected":false},"excerpt":{"rendered":"","protected":false},"author":4,"featured_media":0,"parent":0,"menu_order":0,"comment_status":"closed","ping_status":"closed","template":"","meta":{"footnotes":""},"yst_prominent_words":[],"class_list":["post-1083","page","type-page","status-publish","hentry"],"_links":{"self":[{"href":"https:\/\/nakagarden.vn\/index.php\/wp-json\/wp\/v2\/pages\/1083","targetHints":{"allow":["GET"]}}],"collection":[{"href":"https:\/\/nakagarden.vn\/index.php\/wp-json\/wp\/v2\/pages"}],"about":[{"href":"https:\/\/nakagarden.vn\/index.php\/wp-json\/wp\/v2\/types\/page"}],"author":[{"embeddable":true,"href":"https:\/\/nakagarden.vn\/index.php\/wp-json\/wp\/v2\/users\/4"}],"replies":[{"embeddable":true,"href":"https:\/\/nakagarden.vn\/index.php\/wp-json\/wp\/v2\/comments?post=1083"}],"version-history":[{"count":1,"href":"https:\/\/nakagarden.vn\/index.php\/wp-json\/wp\/v2\/pages\/1083\/revisions"}],"predecessor-version":[{"id":1084,"href":"https:\/\/nakagarden.vn\/index.php\/wp-json\/wp\/v2\/pages\/1083\/revisions\/1084"}],"wp:attachment":[{"href":"https:\/\/nakagarden.vn\/index.php\/wp-json\/wp\/v2\/media?parent=1083"}],"wp:term":[{"taxonomy":"yst_prominent_words","embeddable":true,"href":"https:\/\/nakagarden.vn\/index.php\/wp-json\/wp\/v2\/yst_prominent_words?post=1083"}],"curies":[{"name":"wp","href":"https:\/\/api.w.org\/{rel}","templated":true}]}}