{"id":18,"date":"2022-12-03T03:34:31","date_gmt":"2022-12-03T03:34:31","guid":{"rendered":"https:\/\/nakagarden.vn\/?page_id=18"},"modified":"2023-06-29T04:51:43","modified_gmt":"2023-06-29T04:51:43","slug":"gioi-thieu","status":"publish","type":"page","link":"https:\/\/nakagarden.vn\/index.php\/gioi-thieu\/","title":{"rendered":"Gi\u1edbi thi\u1ec7u"},"content":{"rendered":"<p style=\"text-align: center;\"><span style=\"font-size: 120%;\"><strong>GI\u1edaI THI\u1ec6U V\u1ec0 N\u00c0 KA GARDEN<\/strong><\/span><\/p>\n<p style=\"text-align: justify;\">M\u1ee5c \u0111\u00edch ban \u0111\u1ea7u c\u1ee7a N\u00e0Ka Garden l\u00e0 ch\u0103m ch\u00fat ng\u00f4i v\u01b0\u1eddn nh\u1ecf th\u00e0nh n\u01a1i \u0111\u1ec3 gia \u0111\u00ecnh, ng\u01b0\u1eddi th\u00e2n \u0111\u01b0\u1ee3c s\u1ed1ng h\u00f2a m\u00ecnh v\u00e0o thi\u00ean nhi\u00ean, h\u00edt th\u1edf b\u1ea7u kh\u00f4ng kh\u00ed trong l\u00e0nh m\u1ed7i d\u1ecbp cu\u1ed1i tu\u1ea7n. Nh\u01b0ng ch\u00ednh khung c\u1ea3nh n\u00ean th\u01a1 v\u00e0 c\u00e1c ho\u1ea1t \u0111\u1ed9ng th\u00e2n thi\u1ec7n v\u1edbi thi\u00ean nhi\u00ean c\u1ee7a N\u00e0Ka Garden \u0111\u00e3 khi\u1ebfn n\u01a1i n\u00e0y tr\u1edf th\u00e0nh \u0111i\u1ec3m \u0111\u1ebfn y\u00eau th\u00edch c\u1ee7a nhi\u1ec1u du kh\u00e1ch.<\/p>\n<p style=\"text-align: justify;\">Th\u00e1ng 5 n\u0103m 2020, N\u00e0Ka Garden ch\u00ednh th\u1ee9c tr\u1edf th\u00e0nh m\u1ed9t ph\u00e1p nh\u00e2n v\u1edbi t\u00ean g\u1ecdi H\u1ee3p t\u00e1c x\u00e3 n\u00f4ng nghi\u1ec7p sinh th\u00e1i N\u00e0Ka Garden. Trong chi\u1ebfn l\u01b0\u1ee3c ph\u00e1t tri\u1ec3n c\u1ee7a N\u00e0Ka Garden, nhi\u1ec1u m\u1ea3ng ho\u1ea1t \u0111\u1ed9ng mang \u00fd ngh\u0129a v\u1ec1 tr\u00e1ch nhi\u1ec7m c\u1ed9ng \u0111\u1ed3ng nh\u01b0: TCVN 11892-1:2017 (Quy tr\u00ecnh th\u1ef1c h\u00e0nh s\u1ea3n xu\u1ea5t n\u00f4ng nghi\u1ec7p t\u1ed1t VietGap); Qu\u1ef9 MAI AM (N\u00e2ng b\u01b0\u1edbc em \u0111\u1ebfn tr\u01b0\u1eddng; \u0110\u1ed3ng h\u00e0nh x\u00e2y d\u1ef1ng c\u01a1 c\u1edf v\u1eadt ch\u1ea5t cho c\u00e1c \u0111i\u1ec3m tr\u01b0\u1eddng m\u1ea7m non t\u1ea1i \u0111\u1ecba ph\u01b0\u01a1ng); T\u1ed5 ch\u1ee9c \u0111\u00e0o t\u1ea1o, h\u01b0\u1edbng d\u1eabn th\u1ef1c h\u00e0nh; T\u01b0 v\u1ea5n h\u01b0\u1edbng nghi\u1ec7p; T\u1ea1o c\u00f4ng \u0103n vi\u1ec7c l\u00e0m \u0111\u1ec3 ng\u01b0\u1eddi d\u00e2n b\u1ea3n \u0111\u1ecba c\u00f3 thu nh\u1eadp \u1ed5n \u0111\u1ecbnh&#8230;\u0111\u00e3 v\u00e0 \u0111ang tr\u1edf th\u00e0nh \u0111i\u1ec3m s\u00e1ng.<\/p>\n<p><strong>1. T\u1ea7m nh\u00ecn \u0111\u1ebfn n\u0103m 2030:\u00a0<\/strong><\/p>\n<p>Tr\u1edf th\u00e0nh doanh nghi\u1ec7p top 10 c\u1ee7a S\u01a1n La v\u1ec1 d\u1ecbch v\u1ee5 du l\u1ecbch, ngh\u1ec9 d\u01b0\u1ee1ng g\u1eafn v\u1edbi n\u00f4ng nghi\u1ec7p sinh th\u00e1i.<\/p>\n<p><strong>2. S\u1ee9 m\u1ec7nh:\u00a0<\/strong><\/p>\n<p style=\"text-align: justify;\">B\u1eb1ng \u0111am m\u00ea, s\u00e1ng t\u1ea1o v\u00e0 kinh nghi\u00eam chuy\u00ean s\u00e2u c\u1ee7a \u0111\u1ed9i ng\u0169 qu\u1ea3n l\u00fd, N\u00e0Ka Garden tin t\u01b0\u1edfng cung c\u1ea5p d\u1ecbch v\u1ee5 l\u01b0u tr\u00fa th\u00e2n thi\u1ec7n v\u1edbi thi\u00ean nhi\u00ean, s\u1ea3n ph\u1ea9m n\u00f4ng nghi\u1ec7p h\u1eefu c\u01a1 s\u1ea1ch cho c\u1ed9ng \u0111\u1ed3ng, g\u00f3p ph\u1ea7n n\u00e2ng cao h\u00ecnh \u1ea3nh c\u1ee7a con ng\u01b0\u1eddi v\u00e0 \u0111\u1eb7c s\u1ea3n c\u1ee7a cao nguy\u00ean M\u1ed9c Ch\u00e2u ra th\u1ebf gi\u1edbi.<\/p>\n<p style=\"text-align: justify;\">N\u00e0Ka Garden h\u00e0i h\u00f2a l\u1ee3i \u00edch h\u1ee3p t\u00e1c x\u00e3 v\u1edbi l\u1ee3i \u00edch x\u00e3 h\u1ed9i. \u0110\u00f3ng g\u00f3p t\u00edch c\u1ef1c cho c\u1ed9ng \u0111\u1ed3ng. Ph\u00e1t tri\u1ec3n m\u1ed9t c\u00e1ch th\u00e2n thi\u1ec7n v\u1edbi m\u00f4i tr\u01b0\u1eddng t\u1ef1 nhi\u00ean.<\/p>\n<p><strong>3. Gi\u00e1 tr\u1ecb c\u1ed1t l\u00f5i:<\/strong><\/p>\n<p><strong>H\u1ee3p t\u00e1c:<\/strong>\u00a0ch\u00e2n th\u00e0nh, hi\u1ec7u qu\u1ea3, l\u1ee3\u1ecb \u00edch h\u00e0i h\u00f2a cho c\u00e1c b\u00ean li\u00ean quan.<\/p>\n<p><strong>Tr\u00e1ch nhi\u1ec7m:<\/strong> coi tr\u1ecdng tr\u00e1ch nhi\u1ec7m x\u00e3 h\u1ed9i v\u00e0 ph\u00e1t tri\u1ec3n b\u1ec1n v\u1eefng.<\/p>\n<p><strong>Hi\u1ec7u qu\u1ea3:<\/strong> quy tr\u00ecnh qu\u1ea3n l\u00fd t\u1ed1t b\u1eb1ng s\u1ef1 n\u1ed7 l\u1ef1c v\u00e0 t\u1eadn t\u00e2m.<\/p>\n<div class=\"social-icons follow-icons full-width text-right\" ><span>THEO D\u00d5I<\/span><a href=\"https:\/\/www.facebook.com\/NakaGarden\/\" target=\"_blank\" data-label=\"Facebook\"  rel=\"noopener noreferrer nofollow\" class=\"icon button circle is-outline facebook tooltip\" title=\"Follow on Facebook\"><i class=\"icon-facebook\" ><\/i><\/a><a href=\"https:\/\/www.instagram.com\/nakagardenvietnam\/\" target=\"_blank\" rel=\"noopener noreferrer nofollow\" data-label=\"Instagram\" class=\"icon button circle is-outline  instagram tooltip\" title=\"Follow on Instagram\"><i class=\"icon-instagram\" ><\/i><\/a><\/div>\n","protected":false},"excerpt":{"rendered":"<p>GI\u1edaI THI\u1ec6U V\u1ec0 N\u00c0 KA GARDEN M\u1ee5c \u0111\u00edch ban \u0111\u1ea7u c\u1ee7a N\u00e0Ka Garden l\u00e0 ch\u0103m ch\u00fat ng\u00f4i v\u01b0\u1eddn nh\u1ecf th\u00e0nh n\u01a1i \u0111\u1ec3 gia \u0111\u00ecnh, ng\u01b0\u1eddi th\u00e2n \u0111\u01b0\u1ee3c s\u1ed1ng h\u00f2a m\u00ecnh v\u00e0o thi\u00ean nhi\u00ean, h\u00edt th\u1edf b\u1ea7u kh\u00f4ng kh\u00ed trong l\u00e0nh m\u1ed7i d\u1ecbp cu\u1ed1i tu\u1ea7n. Nh\u01b0ng ch\u00ednh khung c\u1ea3nh n\u00ean th\u01a1 v\u00e0 c\u00e1c ho\u1ea1t \u0111\u1ed9ng th\u00e2n[&#8230;]\n","protected":false},"author":1,"featured_media":0,"parent":0,"menu_order":0,"comment_status":"closed","ping_status":"closed","template":"","meta":{"footnotes":""},"yst_prominent_words":[],"class_list":["post-18","page","type-page","status-publish","hentry"],"_links":{"self":[{"href":"https:\/\/nakagarden.vn\/index.php\/wp-json\/wp\/v2\/pages\/18","targetHints":{"allow":["GET"]}}],"collection":[{"href":"https:\/\/nakagarden.vn\/index.php\/wp-json\/wp\/v2\/pages"}],"about":[{"href":"https:\/\/nakagarden.vn\/index.php\/wp-json\/wp\/v2\/types\/page"}],"author":[{"embeddable":true,"href":"https:\/\/nakagarden.vn\/index.php\/wp-json\/wp\/v2\/users\/1"}],"replies":[{"embeddable":true,"href":"https:\/\/nakagarden.vn\/index.php\/wp-json\/wp\/v2\/comments?post=18"}],"version-history":[{"count":14,"href":"https:\/\/nakagarden.vn\/index.php\/wp-json\/wp\/v2\/pages\/18\/revisions"}],"predecessor-version":[{"id":1134,"href":"https:\/\/nakagarden.vn\/index.php\/wp-json\/wp\/v2\/pages\/18\/revisions\/1134"}],"wp:attachment":[{"href":"https:\/\/nakagarden.vn\/index.php\/wp-json\/wp\/v2\/media?parent=18"}],"wp:term":[{"taxonomy":"yst_prominent_words","embeddable":true,"href":"https:\/\/nakagarden.vn\/index.php\/wp-json\/wp\/v2\/yst_prominent_words?post=18"}],"curies":[{"name":"wp","href":"https:\/\/api.w.org\/{rel}","templated":true}]}}