{"id":192,"date":"2022-12-08T15:38:43","date_gmt":"2022-12-08T15:38:43","guid":{"rendered":"https:\/\/nakagarden.vn\/?page_id=192"},"modified":"2022-12-08T15:38:43","modified_gmt":"2022-12-08T15:38:43","slug":"uu-dai-dac-biet","status":"publish","type":"page","link":"https:\/\/nakagarden.vn\/index.php\/uu-dai-dac-biet\/","title":{"rendered":"\u01afu \u0111\u00e3i \u0111\u1eb7c bi\u1ec7t"},"content":{"rendered":"","protected":false},"excerpt":{"rendered":"","protected":false},"author":1,"featured_media":0,"parent":0,"menu_order":0,"comment_status":"closed","ping_status":"closed","template":"","meta":{"footnotes":""},"yst_prominent_words":[],"class_list":["post-192","page","type-page","status-publish","hentry"],"_links":{"self":[{"href":"https:\/\/nakagarden.vn\/index.php\/wp-json\/wp\/v2\/pages\/192","targetHints":{"allow":["GET"]}}],"collection":[{"href":"https:\/\/nakagarden.vn\/index.php\/wp-json\/wp\/v2\/pages"}],"about":[{"href":"https:\/\/nakagarden.vn\/index.php\/wp-json\/wp\/v2\/types\/page"}],"author":[{"embeddable":true,"href":"https:\/\/nakagarden.vn\/index.php\/wp-json\/wp\/v2\/users\/1"}],"replies":[{"embeddable":true,"href":"https:\/\/nakagarden.vn\/index.php\/wp-json\/wp\/v2\/comments?post=192"}],"version-history":[{"count":1,"href":"https:\/\/nakagarden.vn\/index.php\/wp-json\/wp\/v2\/pages\/192\/revisions"}],"predecessor-version":[{"id":193,"href":"https:\/\/nakagarden.vn\/index.php\/wp-json\/wp\/v2\/pages\/192\/revisions\/193"}],"wp:attachment":[{"href":"https:\/\/nakagarden.vn\/index.php\/wp-json\/wp\/v2\/media?parent=192"}],"wp:term":[{"taxonomy":"yst_prominent_words","embeddable":true,"href":"https:\/\/nakagarden.vn\/index.php\/wp-json\/wp\/v2\/yst_prominent_words?post=192"}],"curies":[{"name":"wp","href":"https:\/\/api.w.org\/{rel}","templated":true}]}}