{"id":24,"date":"2022-12-03T03:35:12","date_gmt":"2022-12-03T03:35:12","guid":{"rendered":"https:\/\/nakagarden.vn\/?page_id=24"},"modified":"2025-02-11T10:16:30","modified_gmt":"2025-02-11T10:16:30","slug":"lien-he","status":"publish","type":"page","link":"https:\/\/nakagarden.vn\/index.php\/lien-he\/","title":{"rendered":"Li\u00ean h\u1ec7"},"content":{"rendered":"\t<section class=\"section\" id=\"section_370552025\">\n\t\t<div class=\"bg section-bg fill bg-fill  bg-loaded\" >\n\n\t\t\t\n\t\t\t\n\t\t\t\n\n\t\t<\/div><!-- .section-bg -->\n\n\t\t<div class=\"section-content relative\">\n\t\t\t\n<p style=\"text-align: center;\"><iframe loading=\"lazy\" style=\"border: 0;\" src=\"https:\/\/www.google.com\/maps\/embed?pb=!1m18!1m12!1m3!1d59641.676295243145!2d104.59780938903707!3d20.88797485867132!2m3!1f0!2f0!3f0!3m2!1i1024!2i768!4f13.1!3m3!1m2!1s0x3133bf00e25b72fd%3A0x3a18f460f4474a1b!2sN%C3%A0Ka%20Garden!5e0!3m2!1sen!2s!4v1671029194923!5m2!1sen!2s\" width=\"100%\" height=\"257\" allowfullscreen=\"allowfullscreen\" data-mce-fragment=\"1\"><span data-mce-type=\"bookmark\" style=\"display: inline-block; width: 0px; overflow: hidden; line-height: 0;\" class=\"mce_SELRES_start\">\ufeff<\/span><\/iframe><\/p>\n\t\t<\/div><!-- .section-content -->\n\n\t\t\n<style scope=\"scope\">\n\n#section_370552025 {\n  padding-top: 30px;\n  padding-bottom: 30px;\n}\n<\/style>\n\t<\/section>\n\t\n\t<section class=\"section\" id=\"section_1764421991\">\n\t\t<div class=\"bg section-bg fill bg-fill  bg-loaded\" >\n\n\t\t\t\n\t\t\t\n\t\t\t\n\n\t\t<\/div><!-- .section-bg -->\n\n\t\t<div class=\"section-content relative\">\n\t\t\t\n<div class=\"row\"  id=\"row-597864589\">\n<div class=\"col small-12 large-12\"  ><div class=\"col-inner\"  >\n<h2>Li\u00ean h\u1ec7<\/h2>\n<p style=\"padding-left: 0px; text-align: left;\"><strong>HTX No\u0302ng nghi\u1eb9\u0302p sinh tha\u0301i Na\u0300Ka Garden (Na\u0300Ka Garden Eco-Agricultural Cooperative)<\/strong><\/p>\n<\/div><\/div>\n<\/div>\n<div class=\"row row-collapse\"  id=\"row-2000383284\">\n<div class=\"col hide-for-medium medium-1 small-12 large-1\"  ><div class=\"col-inner\"  >\n\t<div class=\"img has-hover x md-x lg-x y md-y lg-y\" id=\"image_461181020\">\n\t\t\t\t\t\t\t\t<div class=\"img-inner dark\" >\n\t\t\t<img loading=\"lazy\" decoding=\"async\" width=\"243\" height=\"207\" src=\"https:\/\/nakagarden.vn\/wp-content\/uploads\/2023\/02\/location-logo-blue.png\" class=\"attachment-medium size-medium\" alt=\"\" \/>\t\t\t\t\t\t\n\t\t\t\t\t<\/div>\n\t\t\t\t\t\t\t\t\n<style scope=\"scope\">\n\n#image_461181020 {\n  width: 50%;\n}\n<\/style>\n\t<\/div>\n\t\n<\/div><\/div>\n<div class=\"col medium-11 small-12 large-11\"  ><div class=\"col-inner\"  >\n<p style=\"text-align: left; vertical-align: middle;\">\u0110\u1ecba ch\u1ec9\/ Location: S\u00f4\u0301 3 Ti\u00ea\u0309u khu 34, Ta\u0302n L\u1ea1\u0302p, M\u1ecd\u0302c Cha\u0302u, So\u031bn La, Vi\u1eb9\u0302t Nam (<a href=\"https:\/\/maps.app.goo.gl\/QBh88KdttyTiWptJA\">https:\/\/maps.app.goo.gl\/QBh88KdttyTiWptJA<\/a>)<\/p>\n<\/div><\/div>\n\n<style scope=\"scope\">\n\n<\/style>\n<\/div>\n<div class=\"row row-collapse\"  id=\"row-1436596407\">\n<div class=\"col hide-for-medium medium-1 small-15 large-1\"  ><div class=\"col-inner\"  >\n\t<div class=\"img has-hover x md-x lg-x y md-y lg-y\" id=\"image_1995705476\">\n\t\t\t\t\t\t\t\t<div class=\"img-inner dark\" >\n\t\t\t<img loading=\"lazy\" decoding=\"async\" width=\"300\" height=\"300\" src=\"https:\/\/nakagarden.vn\/wp-content\/uploads\/2023\/02\/blue-call-icon-dialer-android-google-play-telephone-phone-blue-text-300x300.png\" class=\"attachment-medium size-medium\" alt=\"\" srcset=\"https:\/\/nakagarden.vn\/wp-content\/uploads\/2023\/02\/blue-call-icon-dialer-android-google-play-telephone-phone-blue-text-300x300.png 300w, https:\/\/nakagarden.vn\/wp-content\/uploads\/2023\/02\/blue-call-icon-dialer-android-google-play-telephone-phone-blue-text-150x150.png 150w, https:\/\/nakagarden.vn\/wp-content\/uploads\/2023\/02\/blue-call-icon-dialer-android-google-play-telephone-phone-blue-text-768x768.png 768w, https:\/\/nakagarden.vn\/wp-content\/uploads\/2023\/02\/blue-call-icon-dialer-android-google-play-telephone-phone-blue-text.png 900w\" sizes=\"auto, (max-width: 300px) 100vw, 300px\" \/>\t\t\t\t\t\t\n\t\t\t\t\t<\/div>\n\t\t\t\t\t\t\t\t\n<style scope=\"scope\">\n\n#image_1995705476 {\n  width: 50%;\n}\n<\/style>\n\t<\/div>\n\t\n<\/div><\/div>\n<div class=\"col medium-11 small-12 large-11\"  ><div class=\"col-inner\"  >\n<p style=\"text-align: left; vertical-align: middle;\">\u0110i\u1ec7n tho\u1ea1i\/ Tell: <span style=\"font-size: 150%;\"><strong>0366446694 \/ 0399020176<\/strong><\/span><\/p>\n<\/div><\/div>\n\n<style scope=\"scope\">\n\n<\/style>\n<\/div>\n<div class=\"row row-collapse\"  id=\"row-1441113411\">\n<div class=\"col hide-for-medium medium-1 small-12 large-1\"  ><div class=\"col-inner\"  >\n\t<div class=\"img has-hover x md-x lg-x y md-y lg-y\" id=\"image_1567965752\">\n\t\t\t\t\t\t\t\t<div class=\"img-inner dark\" >\n\t\t\t<img loading=\"lazy\" decoding=\"async\" width=\"225\" height=\"225\" src=\"https:\/\/nakagarden.vn\/wp-content\/uploads\/2023\/02\/blue-email-icon.png\" class=\"attachment-large size-large\" alt=\"\" srcset=\"https:\/\/nakagarden.vn\/wp-content\/uploads\/2023\/02\/blue-email-icon.png 225w, https:\/\/nakagarden.vn\/wp-content\/uploads\/2023\/02\/blue-email-icon-150x150.png 150w\" sizes=\"auto, (max-width: 225px) 100vw, 225px\" \/>\t\t\t\t\t\t\n\t\t\t\t\t<\/div>\n\t\t\t\t\t\t\t\t\n<style scope=\"scope\">\n\n#image_1567965752 {\n  width: 50%;\n}\n<\/style>\n\t<\/div>\n\t\n<\/div><\/div>\n<div class=\"col medium-11 small-12 large-11\"  ><div class=\"col-inner\"  >\n<p style=\"text-align: left; vertical-align: middle;\">Email: nakagarden.info@gmail.com<\/p>\n<\/div><\/div>\n\n<style scope=\"scope\">\n\n<\/style>\n<\/div>\n<div class=\"row row-collapse\"  id=\"row-2035128849\">\n<div class=\"col hide-for-medium medium-1 small-12 large-1\"  ><div class=\"col-inner\"  >\n\t<div class=\"img has-hover x md-x lg-x y md-y lg-y\" id=\"image_1088796497\">\n\t\t\t\t\t\t\t\t<div class=\"img-inner dark\" >\n\t\t\t<img loading=\"lazy\" decoding=\"async\" width=\"225\" height=\"225\" src=\"https:\/\/nakagarden.vn\/wp-content\/uploads\/2023\/02\/blue-website-logo-2.jpeg\" class=\"attachment-medium size-medium\" alt=\"\" srcset=\"https:\/\/nakagarden.vn\/wp-content\/uploads\/2023\/02\/blue-website-logo-2.jpeg 225w, https:\/\/nakagarden.vn\/wp-content\/uploads\/2023\/02\/blue-website-logo-2-150x150.jpeg 150w\" sizes=\"auto, (max-width: 225px) 100vw, 225px\" \/>\t\t\t\t\t\t\n\t\t\t\t\t<\/div>\n\t\t\t\t\t\t\t\t\n<style scope=\"scope\">\n\n#image_1088796497 {\n  width: 50%;\n}\n<\/style>\n\t<\/div>\n\t\n<\/div><\/div>\n<div class=\"col medium-11 small-12 large-11\"  ><div class=\"col-inner\"  >\n<p style=\"text-align: left; vertical-align: middle;\">Website: <a href=\"https:\/\/nakagarden.vn\/\">https:\/\/nakagarden.vn\/<\/a><\/p>\n<\/div><\/div>\n\n<style scope=\"scope\">\n\n<\/style>\n<\/div>\n\t\t<\/div><!-- .section-content -->\n\n\t\t\n<style scope=\"scope\">\n\n#section_1764421991 {\n  padding-top: 10px;\n  padding-bottom: 10px;\n}\n<\/style>\n\t<\/section>\n\t\n\t<section class=\"section\" id=\"section_230475450\">\n\t\t<div class=\"bg section-bg fill bg-fill  bg-loaded\" >\n\n\t\t\t\n\t\t\t\n\t\t\t\n\n\t\t<\/div><!-- .section-bg -->\n\n\t\t<div class=\"section-content relative\">\n\t\t\t\n<div class=\"row\"  id=\"row-677234532\">\n<div class=\"col small-12 large-12\"  ><div class=\"col-inner\"  >\n<h3>M\u1ee8C PH\u00cd XE \u0110\u01afA \u0110\u00d3N C\u1ee6A N\u00c0KA GARDEN<\/h3>\n<p><strong>A. A. CH\u1eb6NG: H\u00c0 N\u1ed8I &#8211; M\u1ed8C CH\u00c2U &#8211; H\u00c0 N\u1ed8I<\/strong><\/p>\n<table class=\" alignleft\" style=\"height: 105px; width: 100%; border-collapse: collapse;\">\n<tbody>\n<tr style=\"height: 21px;\">\n<td style=\"width: 6.43175%; text-align: center; height: 21px;\"><strong>No.<\/strong><\/td>\n<td style=\"width: 13.448%; text-align: center; height: 21px;\" width=\"131\"><strong>Lo\u1ea1i xe<\/strong><\/td>\n<td style=\"width: 12.0425%; text-align: center; height: 21px;\" width=\"107\"><strong>L\u00e1i xe<\/strong><\/td>\n<td style=\"width: 17.0008%; text-align: center; height: 21px;\" width=\"121\"><strong>\u0110i\u1ec7n tho\u1ea1i<\/strong><\/td>\n<td style=\"width: 16.1006%; text-align: center; height: 21px;\" width=\"111\"><strong>2\u01101N<\/strong><\/td>\n<td style=\"width: 34.9087%; height: 21px; text-align: center;\"><strong>L\u01b0u \u00fd<\/strong><\/td>\n<\/tr>\n<tr style=\"height: 21px;\">\n<td style=\"width: 6.43175%; text-align: center; height: 21px;\">1<\/td>\n<td style=\"width: 13.448%; height: 21px;\" width=\"131\">Xe 7 ch\u1ed7<\/td>\n<td style=\"width: 12.0425%; height: 21px;\" width=\"107\">Anh Tu\u1ea5n<\/td>\n<td style=\"width: 17.0008%; height: 21px; text-align: center;\" width=\"121\">0912****29<\/td>\n<td style=\"width: 16.1006%; height: 21px; text-align: center;\" width=\"111\">3,500,000 \u0111<\/td>\n<td style=\"height: 84px; vertical-align: top; width: 34.9087%;\" rowspan=\"4\">(*) Gi\u00e1 ch\u01b0a bao g\u1ed3m chi ph\u00ed \u0103n \u1edf cho l\u00e1i xe;<br \/>\u0110\u00f3n trong c\u00e1c qu\u00e2n n\u1ed9i th\u00e0nh;<br \/>Di chuy\u1ec3n trong \u0111\u1ecba b\u00e0n T\u00e2n L\u1eadp.<\/td>\n<\/tr>\n<tr style=\"height: 21px;\">\n<td style=\"width: 6.43175%; text-align: center; height: 21px;\">2<\/td>\n<td style=\"width: 13.448%; height: 21px;\">Xe 16 ch\u1ed7<\/td>\n<td style=\"width: 12.0425%; height: 21px;\">Anh Giang<\/td>\n<td style=\"width: 17.0008%; height: 21px; text-align: center;\">0969****89<\/td>\n<td style=\"width: 16.1006%; height: 21px; text-align: center;\">5,500,000 \u0111<\/td>\n<\/tr>\n<tr style=\"height: 21px;\">\n<td style=\"width: 6.43175%; text-align: center; height: 21px;\">3<\/td>\n<td style=\"width: 13.448%; height: 21px;\">Xe 29 ch\u1ed7<\/td>\n<td style=\"width: 12.0425%; height: 21px;\">Anh Giang<\/td>\n<td style=\"width: 17.0008%; height: 21px; text-align: center;\">0969****89<\/td>\n<td style=\"width: 16.1006%; height: 21px; text-align: center;\">6,500,000 \u0111<\/td>\n<\/tr>\n<tr style=\"height: 21px;\">\n<td style=\"width: 6.43175%; text-align: center; height: 21px;\">4<\/td>\n<td style=\"width: 13.448%; height: 21px;\">Xe 35 ch\u1ed7<\/td>\n<td style=\"width: 12.0425%; height: 21px;\">Anh Giang<\/td>\n<td style=\"width: 17.0008%; height: 21px; text-align: center;\">0969****89<\/td>\n<td style=\"width: 16.1006%; height: 21px; text-align: center;\">7,500,000 \u0111<\/td>\n<\/tr>\n<\/tbody>\n<\/table>\n<\/div><\/div>\n<\/div>\n\t\t<\/div><!-- .section-content -->\n\n\t\t\n<style scope=\"scope\">\n\n#section_230475450 {\n  padding-top: 10px;\n  padding-bottom: 10px;\n}\n<\/style>\n\t<\/section>\n\t\n\t<section class=\"section\" id=\"section_1331805824\">\n\t\t<div class=\"bg section-bg fill bg-fill  bg-loaded\" >\n\n\t\t\t\n\t\t\t\n\t\t\t\n\n\t\t<\/div><!-- .section-bg -->\n\n\t\t<div class=\"section-content relative\">\n\t\t\t\n<div class=\"row\"  id=\"row-952082988\">\n<div class=\"col small-12 large-12\"  ><div class=\"col-inner\"  >\n<p><strong>B. D\u1ed0C OTO &#8211; N\u00c0KA GARDEN &#8211; D\u1ed0C OTO<\/strong><\/p>\n<table class=\" alignleft\" style=\"height: 31px; width: 98.5439%; border-collapse: collapse;\">\n<tbody>\n<tr style=\"height: 21px;\">\n<td style=\"width: 6.43175%; text-align: center; height: 21px;\"><strong>STT.<\/strong><\/td>\n<td style=\"width: 10.9118%; text-align: center; height: 21px;\" width=\"131\"><strong>Lo\u1ea1i xe<\/strong><\/td>\n<td style=\"width: 11.9056%; text-align: center; height: 21px;\" width=\"107\"><strong>L\u00e1i xe<\/strong><\/td>\n<td style=\"width: 15.83%; text-align: center; height: 21px;\" width=\"121\"><strong>\u0110i\u1ec7n tho\u1ea1i<\/strong><\/td>\n<td style=\"width: 16.6926%; text-align: center; height: 21px;\" width=\"111\"><strong>M\u1ed9t chi\u1ec1u<\/strong><\/td>\n<td style=\"width: 36.8075%; height: 21px; text-align: center;\"><strong>L\u01b0y \u00fd<\/strong><\/td>\n<\/tr>\n<tr style=\"height: 21px;\">\n<td style=\"width: 6.43175%; text-align: center; height: 10px;\">1<\/td>\n<td style=\"width: 10.9118%; height: 10px;\" width=\"131\">5 ch\u1ed7<\/td>\n<td style=\"width: 11.9056%; text-align: center; height: 10px;\" width=\"107\">Mr. Ph\u00fac<\/td>\n<td style=\"width: 15.83%; height: 10px; text-align: center;\" width=\"121\">0826****96<\/td>\n<td style=\"width: 16.6926%; height: 10px; text-align: center;\" width=\"111\">VND 250,000<\/td>\n<td style=\"height: 10px; vertical-align: top; width: 36.8075%;\">L\u00e1i xe s\u1ebd ch\u1ee7 \u0111\u1ed9ng li\u00ean l\u1ea1c \u0111\u1ec3 \u0111\u00f3n kh\u00e1ch \u0111\u00fang gi\u1edd<\/td>\n<\/tr>\n<\/tbody>\n<\/table>\n<p>\u00a0<\/p>\n<\/div><\/div>\n<\/div>\n\t\t<\/div><!-- .section-content -->\n\n\t\t\n<style scope=\"scope\">\n\n#section_1331805824 {\n  padding-top: 10px;\n  padding-bottom: 10px;\n}\n<\/style>\n\t<\/section>\n\t\n\t<section class=\"section\" id=\"section_383925012\">\n\t\t<div class=\"bg section-bg fill bg-fill  bg-loaded\" >\n\n\t\t\t\n\t\t\t\n\t\t\t\n\n\t\t<\/div><!-- .section-bg -->\n\n\t\t<div class=\"section-content relative\">\n\t\t\t\n<div class=\"social-icons follow-icons full-width text-center\" ><span>FOLLOW US<\/span><a href=\"https:\/\/www.facebook.com\/NakaGarden\/\" target=\"_blank\" data-label=\"Facebook\"  rel=\"noopener noreferrer nofollow\" class=\"icon button circle is-outline facebook tooltip\" title=\"Follow on Facebook\"><i class=\"icon-facebook\" ><\/i><\/a><a href=\"https:\/\/www.instagram.com\/nakagardenvietnam\/\" target=\"_blank\" rel=\"noopener noreferrer nofollow\" data-label=\"Instagram\" class=\"icon button circle is-outline  instagram tooltip\" title=\"Follow on Instagram\"><i class=\"icon-instagram\" ><\/i><\/a><\/div>\n\t\t<\/div><!-- .section-content -->\n\n\t\t\n<style scope=\"scope\">\n\n#section_383925012 {\n  padding-top: 30px;\n  padding-bottom: 30px;\n}\n<\/style>\n\t<\/section>\n\t\n","protected":false},"excerpt":{"rendered":"","protected":false},"author":1,"featured_media":0,"parent":0,"menu_order":0,"comment_status":"closed","ping_status":"closed","template":"page-blank.php","meta":{"footnotes":""},"yst_prominent_words":[],"class_list":["post-24","page","type-page","status-publish","hentry"],"_links":{"self":[{"href":"https:\/\/nakagarden.vn\/index.php\/wp-json\/wp\/v2\/pages\/24","targetHints":{"allow":["GET"]}}],"collection":[{"href":"https:\/\/nakagarden.vn\/index.php\/wp-json\/wp\/v2\/pages"}],"about":[{"href":"https:\/\/nakagarden.vn\/index.php\/wp-json\/wp\/v2\/types\/page"}],"author":[{"embeddable":true,"href":"https:\/\/nakagarden.vn\/index.php\/wp-json\/wp\/v2\/users\/1"}],"replies":[{"embeddable":true,"href":"https:\/\/nakagarden.vn\/index.php\/wp-json\/wp\/v2\/comments?post=24"}],"version-history":[{"count":37,"href":"https:\/\/nakagarden.vn\/index.php\/wp-json\/wp\/v2\/pages\/24\/revisions"}],"predecessor-version":[{"id":1251,"href":"https:\/\/nakagarden.vn\/index.php\/wp-json\/wp\/v2\/pages\/24\/revisions\/1251"}],"wp:attachment":[{"href":"https:\/\/nakagarden.vn\/index.php\/wp-json\/wp\/v2\/media?parent=24"}],"wp:term":[{"taxonomy":"yst_prominent_words","embeddable":true,"href":"https:\/\/nakagarden.vn\/index.php\/wp-json\/wp\/v2\/yst_prominent_words?post=24"}],"curies":[{"name":"wp","href":"https:\/\/api.w.org\/{rel}","templated":true}]}}