{"id":943,"date":"2023-02-09T10:37:19","date_gmt":"2023-02-09T10:37:19","guid":{"rendered":"https:\/\/nakagarden.vn\/?page_id=943"},"modified":"2023-02-09T10:39:08","modified_gmt":"2023-02-09T10:39:08","slug":"dich-vu-tien-ich","status":"publish","type":"page","link":"https:\/\/nakagarden.vn\/index.php\/dich-vu-tien-ich\/","title":{"rendered":"D\u1ecbch v\u1ee5 ti\u1ec7n \u00edch"},"content":{"rendered":"\n<table id=\"tablepress-5\" class=\"tablepress tablepress-id-5\">\n<thead>\n<tr class=\"row-1\">\n\t<th class=\"column-1\"><strong>D\u1ecbch v\u1ee5<\/strong><\/th><th class=\"column-2\"><strong>Mi\u1ec5n ph\u00ed<\/strong><\/th><th class=\"column-3\"><strong>C\u00f3 ph\u00ed<\/strong><\/th><th class=\"column-4\"><strong>M\u00f4 t\u1ea3<\/strong><\/th>\n<\/tr>\n<\/thead>\n<tbody class=\"row-hover\">\n<tr class=\"row-2\">\n\t<td colspan=\"4\" class=\"column-1\"><span style=\"color:#385623;\"><strong>\u0102N U\u1ed0NG<\/strong><\/span><\/td>\n<\/tr>\n<tr class=\"row-3\">\n\t<td class=\"column-1\">\u0102n s\u00e1ng<\/td><td class=\"column-2\">x<\/td><td class=\"column-3\"><\/td><td class=\"column-4\">M\u1ef3 tr\u1ee9ng\/Ph\u1edf\/Ch\u00e1o th\u1ecbt<\/td>\n<\/tr>\n<tr class=\"row-4\">\n\t<td class=\"column-1\">Kh\u00f4ng gian \u0103n u\u1ed1ng v\u00e0 BBQ<\/td><td class=\"column-2\">x<\/td><td class=\"column-3\"><\/td><td class=\"column-4\">Kh\u00f4ng gian \u0111a d\u1ea1ng d\u00e0nh cho c\u00e1c nh\u00f3m kh\u00e1ch<\/td>\n<\/tr>\n<tr class=\"row-5\">\n\t<td class=\"column-1\">D\u1ecbch v\u1ee5 24h<\/td><td class=\"column-2\"><\/td><td class=\"column-3\">x<\/td><td class=\"column-4\">\u0110\u1eb7t \u0111\u1ed3 \u0103n v\u00e0 u\u1ed1ng theo y\u00eau c\u1ea7u; C\u00f3 menu chi ti\u1ebft<\/td>\n<\/tr>\n<tr class=\"row-6\">\n\t<td class=\"column-1\">Nh\u00e0 h\u00e0ng<\/td><td class=\"column-2\"><\/td><td class=\"column-3\">x<\/td><td class=\"column-4\">Ph\u1ee5c v\u1ee5 theo y\u00eau c\u1ea7u c\u1ee7a qu\u00fd kh\u00e1ch<\/td>\n<\/tr>\n<tr class=\"row-7\">\n\t<td class=\"column-1\">Qu\u1ea7y Bar<\/td><td class=\"column-2\"><\/td><td class=\"column-3\">x<\/td><td class=\"column-4\">Kh\u00f4ng gian tho\u00e1ng \u0111\u00e3ng<\/td>\n<\/tr>\n<tr class=\"row-8\">\n\t<td class=\"column-1\">Qu\u1ea7y Caf\u00e9<\/td><td class=\"column-2\"><\/td><td class=\"column-3\">x<\/td><td class=\"column-4\">Ph\u1ee5c v\u1ee5 theo y\u00eau c\u1ea7u ho\u1eb7c t\u1ef1 ph\u1ee5c v\u1ee5<\/td>\n<\/tr>\n<tr class=\"row-9\">\n\t<td colspan=\"4\" class=\"column-1\"><span style=\"color:#385623;\"><strong>TH\u1ec2 THAO<\/strong><\/span><\/td>\n<\/tr>\n<tr class=\"row-10\">\n\t<td class=\"column-1\">Ch\u1ea1y b\u1ed9<\/td><td class=\"column-2\">x<\/td><td class=\"column-3\"><\/td><td class=\"column-4\">Ch\u1ea1y b\u1ed9 c\u00e1 nh\u00e2n\/nh\u00f3m trong khu\u00f4n vi\u00ean N\u00e0Ka Garden\/C\u00e1c b\u1ea3n thu\u1ed9c T\u00e2n L\u1eadp<\/td>\n<\/tr>\n<tr class=\"row-11\">\n\t<td class=\"column-1\">Leo n\u00fai<\/td><td class=\"column-2\">x<\/td><td class=\"column-3\"><\/td><td class=\"column-4\">Trong khu\u00f4n vi\u00ean N\u00e0Ka Garden v\u00e0 d\u00e3y n\u00fai li\u1ec1n k\u1ec1<\/td>\n<\/tr>\n<tr class=\"row-12\">\n\t<td class=\"column-1\">Yoga ngo\u00e0i tr\u1eddi<\/td><td class=\"column-2\">x<\/td><td class=\"column-3\"><\/td><td class=\"column-4\">S\u00e0n yoga tr\u00ean l\u01b0ng n\u00fai, c\u1ea3nh quan  bao qu\u00e1t khi nh\u00ecn t\u00f9 tr\u00ean cao xu\u1ed1ng<\/td>\n<\/tr>\n<tr class=\"row-13\">\n\t<td class=\"column-1\">B\u00f3ng r\u1ed5<\/td><td class=\"column-2\">x<\/td><td class=\"column-3\"><\/td><td class=\"column-4\">D\u00e0nh cho tr\u1ebb em<\/td>\n<\/tr>\n<tr class=\"row-14\">\n\t<td class=\"column-1\">Gym<\/td><td class=\"column-2\">x<\/td><td class=\"column-3\"><\/td><td class=\"column-4\">D\u1ee5ng c\u1ee5 t\u1eadp c\u01a1 b\u1ea3n<\/td>\n<\/tr>\n<tr class=\"row-15\">\n\t<td class=\"column-1\">C\u1ea7u l\u00f4ng<\/td><td class=\"column-2\">x<\/td><td class=\"column-3\"><\/td><td class=\"column-4\">Trang b\u1ecb \u0111\u1ea7y \u0111\u1ee7 d\u1ee5ng c\u1ee5 v\u00e0 s\u00e2n ch\u01a1i ph\u00f9 h\u1ee3p<\/td>\n<\/tr>\n<tr class=\"row-16\">\n\t<td class=\"column-1\">B\u00f3ng b\u00e0n<\/td><td class=\"column-2\">x<\/td><td class=\"column-3\"><\/td><td class=\"column-4\">Trang b\u1ecb \u0111\u1ea7y \u0111\u1ee7 d\u1ee5ng c\u1ee5 v\u00e0 s\u00e2n ch\u01a1i ph\u00f9 h\u1ee3p<\/td>\n<\/tr>\n<tr class=\"row-17\">\n\t<td class=\"column-1\">B\u00f3ng \u0111\u00e1<\/td><td class=\"column-2\"><\/td><td class=\"column-3\">x<\/td><td class=\"column-4\">T\u1ed5 ch\u1ee9c giao l\u01b0u\/Chi ph\u00ed thu\u00ea s\u00e2n v\u00e0 n\u01b0\u1edbc u\u1ed1ng<\/td>\n<\/tr>\n<tr class=\"row-18\">\n\t<td class=\"column-1\">Billard<\/td><td class=\"column-2\"><\/td><td class=\"column-3\">x<\/td><td class=\"column-4\">B\u00e0n v\u00e0 d\u1ee5ng c\u1ee5 theo chu\u1ea9n qu\u1ed1c t\u1ebf, kh\u00f4ng gian Acoustic<\/td>\n<\/tr>\n<tr class=\"row-19\">\n\t<td class=\"column-1\">C\u1edd vua<\/td><td class=\"column-2\">x<\/td><td class=\"column-3\"><\/td><td class=\"column-4\">D\u00e0nh cho tr\u1ebb em<\/td>\n<\/tr>\n<tr class=\"row-20\">\n\t<td class=\"column-1\">C\u1edd t\u01b0\u1edbng<\/td><td class=\"column-2\">x<\/td><td class=\"column-3\"><\/td><td class=\"column-4\">D\u00e0nh cho ng\u01b0\u1eddi l\u1edbn<\/td>\n<\/tr>\n<tr class=\"row-21\">\n\t<td class=\"column-1\">\u0110\u1ea1p xe<\/td><td class=\"column-2\"><\/td><td class=\"column-3\">x<\/td><td class=\"column-4\">D\u00f2ng xe th\u1ec3 thao<\/td>\n<\/tr>\n<tr class=\"row-22\">\n\t<td colspan=\"4\" class=\"column-1\"><span style=\"color:#385623;\"><strong>GI\u1ea2I TR\u00cd V\u00c0 CH\u0102M S\u00d3C S\u1ee8C KHO\u1eba<\/strong><\/span><\/td>\n<\/tr>\n<tr class=\"row-23\">\n\t<td class=\"column-1\">Karaoke<\/td><td class=\"column-2\">x<\/td><td class=\"column-3\"><\/td><td class=\"column-4\">Kh\u00f4ng gian \u0111a d\u1ea1ng d\u00e0nh cho c\u00e1c nh\u00f3m kh\u00e1ch<\/td>\n<\/tr>\n<tr class=\"row-24\">\n\t<td class=\"column-1\">Nghe nh\u1ea1c, gi\u1ea3i tr\u00ed<\/td><td class=\"column-2\">x<\/td><td class=\"column-3\"><\/td><td class=\"column-4\">Th\u01b0\u1edfng th\u1ee9c nh\u1ea1c do qu\u00fd kh\u00e1ch t\u1ef1 chu\u1ea9n b\u1ecb<\/td>\n<\/tr>\n<tr class=\"row-25\">\n\t<td class=\"column-1\">Th\u01b0 vi\u1ec7n \u0111\u1ecdc<\/td><td class=\"column-2\">x<\/td><td class=\"column-3\"><\/td><td class=\"column-4\">Trang b\u1ecb s\u00e1ch khoa h\u1ecdc, truy\u1ec7n (ti\u1ebfng Vi\u1ec7t v\u00e0 ti\u1ebfng Anh)<\/td>\n<\/tr>\n<tr class=\"row-26\">\n\t<td class=\"column-1\">Ng\u00e2m ch\u00e2n th\u1ea3o d\u01b0\u1ee3c<\/td><td class=\"column-2\"><\/td><td class=\"column-3\">x<\/td><td class=\"column-4\">Ng\u00e2m ch\u00e2n th\u1ea3o d\u01b0\u1ee3c<\/td>\n<\/tr>\n<tr class=\"row-27\">\n\t<td class=\"column-1\">S\u01a1 c\u1ee9u<\/td><td class=\"column-2\">x<\/td><td class=\"column-3\"><\/td><td class=\"column-4\">B\u1ed9 \u0111\u1ed3 s\u01a1 c\u1ea5p c\u1ee9u<\/td>\n<\/tr>\n<tr class=\"row-28\">\n\t<td class=\"column-1\">H\u1ec7 th\u1ed1ng \u00e2m thanh v\u00e0 \u00e1nh s\u00e1ng<\/td><td class=\"column-2\"><\/td><td class=\"column-3\">x<\/td><td class=\"column-4\">\u0110\u00e3 bao g\u1ed3m nh\u00e2n vi\u00ean tr\u1ef1c k\u0129 thu\u1eadt<\/td>\n<\/tr>\n<tr class=\"row-29\">\n\t<td class=\"column-1\">V\u0103n ngh\u1ec7 d\u00e2n t\u1ed9c<\/td><td class=\"column-2\"><\/td><td class=\"column-3\">x<\/td><td class=\"column-4\">M\u00faa s\u1ea1p\/C\u00e1c \u0111i\u1ec7u m\u00faa c\u1ee7a d\u00e2n t\u1ed9c M\u00f4ng v\u00e0 Th\u00e1i \u1edf T\u00e2y B\u1eafc<\/td>\n<\/tr>\n<tr class=\"row-30\">\n\t<td colspan=\"4\" class=\"column-1\"><span style=\"color:#385623;\"><strong>TH\u0102M QUAN V\u00c0 DU L\u1ecaCH<\/strong><\/span><\/td>\n<\/tr>\n<tr class=\"row-31\">\n\t<td class=\"column-1\">Thi\u1ebft k\u1ebf Tour du l\u1ecbch M\u1ed9c Ch\u00e2u<\/td><td class=\"column-2\">x<\/td><td class=\"column-3\"><\/td><td class=\"column-4\">Thi\u1ebft k\u1ebf v\u00e0 t\u01b0 v\u1ea5n Tour th\u0103m quan t\u1ea1i M\u1ed9c Ch\u00e2u<\/td>\n<\/tr>\n<tr class=\"row-32\">\n\t<td class=\"column-1\">T\u01b0 v\u1ea5n v\u00e0 th\u00f4ng tin \u0111\u1ecba \u0111i\u1ec3m du l\u1ecbch<\/td><td class=\"column-2\">x<\/td><td class=\"column-3\"><\/td><td class=\"column-4\">Du l\u1ecbch kh\u00e1m ph\u00e1 v\u00e0 t\u00ecm hi\u1ec3u v\u0103n h\u00f3a \u0111\u1ecba ph\u01b0\u01a1ng<\/td>\n<\/tr>\n<tr class=\"row-33\">\n\t<td class=\"column-1\">Ch\u1ee5p \u1ea3nh\/ Check-in trong Khu ngh\u1ec9 d\u01b0\u1ee1ng<\/td><td class=\"column-2\">x<\/td><td class=\"column-3\"><\/td><td class=\"column-4\">Mi\u1ec5n ph\u00ed \u0111\u1ed1i v\u1edbi kh\u00e1ch l\u01b0u tr\u00fa<\/td>\n<\/tr>\n<tr class=\"row-34\">\n\t<td class=\"column-1\">Trang ph\u1ee5c d\u00e2n t\u1ed9c (Nam v\u00e0 N\u1eef)<\/td><td class=\"column-2\">x<\/td><td class=\"column-3\"><\/td><td class=\"column-4\">Mi\u1ec5n ph\u00ed \u0111\u1ed1i v\u1edbi kh\u00e1ch l\u01b0u tr\u00fa<\/td>\n<\/tr>\n<tr class=\"row-35\">\n\t<td class=\"column-1\">H\u01b0\u1edbng d\u1eabn th\u0103m quan<\/td><td class=\"column-2\"><\/td><td class=\"column-3\">x<\/td><td class=\"column-4\">H\u01b0\u1edbng d\u1eabn vi\u00ean ng\u01b0\u1eddi d\u00e2n t\u1ed9c am hi\u1ec3u v\u0103n h\u00f3a v\u00e0 c\u00e1c \u0111i\u1ec3m du l\u1ecbch<\/td>\n<\/tr>\n<tr class=\"row-36\">\n\t<td class=\"column-1\">Tham quan v\u01b0\u1eddn qu\u1ea3 trong Khu ngh\u1ec9 d\u01b0\u1ee1ng<\/td><td class=\"column-2\"><\/td><td class=\"column-3\">x<\/td><td class=\"column-4\">T\u00ednh ph\u00ed \u0111\u1ed1i v\u1edbi kh\u00e1ch gh\u00e9 th\u0103m<\/td>\n<\/tr>\n<tr class=\"row-37\">\n\t<td colspan=\"4\" class=\"column-1\"><span style=\"color:#385623;\"><strong>TI\u1ec6N \u00cdCH KH\u00c1C<\/strong><\/span><\/td>\n<\/tr>\n<tr class=\"row-38\">\n\t<td class=\"column-1\">Wifi<\/td><td class=\"column-2\">x<\/td><td class=\"column-3\"><\/td><td class=\"column-4\">Trang b\u1ecb ri\u00eang \u1edf m\u1ed7i khu l\u01b0u tr\u00fa<\/td>\n<\/tr>\n<tr class=\"row-39\">\n\t<td class=\"column-1\">An  ninh khu v\u1ef1c<\/td><td class=\"column-2\">x<\/td><td class=\"column-3\"><\/td><td class=\"column-4\">C\u00f3 camera gi\u00e1m s\u00e1t an ninh 24\/24h<\/td>\n<\/tr>\n<tr class=\"row-40\">\n\t<td class=\"column-1\">B\u00e3i \u0111\u1eabu xe<\/td><td class=\"column-2\">x<\/td><td class=\"column-3\"><\/td><td class=\"column-4\">Thu\u1eadn ti\u1ec7n<\/td>\n<\/tr>\n<tr class=\"row-41\">\n\t<td class=\"column-1\">Mua \u0111\u1eb7c s\u1ea3n M\u1ed9c Ch\u00e2u<\/td><td class=\"column-2\"><\/td><td class=\"column-3\">x<\/td><td class=\"column-4\">S\u1ea3n v\u1eadt cuat cao nguy\u00ean M\u1ed9c Ch\u00e2u l\u00e0m qu\u00e0 t\u1eb7ng<\/td>\n<\/tr>\n<tr class=\"row-42\">\n\t<td class=\"column-1\">Nh\u00e0 \u1edf th\u00fa c\u01b0ng<\/td><td class=\"column-2\"><\/td><td class=\"column-3\">x<\/td><td class=\"column-4\"><span style=\"color:#FF0000;\">KH\u00d4NG MANG TH\u00da C\u01afNG V\u00c0O PH\u00d2NG.<\/span><br \/>\nVui l\u00f2ng li\u00ean h\u1ec7 tr\u01b0\u1edbc n\u1ebfu qu\u00fd kh\u00e1ch mu\u1ed1n \u0111\u01b0a th\u00fac c\u01b0ng c\u00f9ng \u0111i<\/td>\n<\/tr>\n<tr class=\"row-43\">\n\t<td class=\"column-1\">\u0110\u01b0a \u0111\u00f3n\/ Thu\u00ea ph\u01b0\u01a1ng ti\u1ec7n (\u00f4 t\u00f4\/Xe m\u00e1y\/Xe \u0111\u1ea1p)<\/td><td class=\"column-2\"><\/td><td class=\"column-3\">x<\/td><td class=\"column-4\">B\u1ed1 tr\u00ed ph\u01b0\u01a1ng ti\u1ec7n \u0111i l\u1ea1i v\u00e0 \u0111\u01b0a \u0111\u00f3n \u0111\u1ebfn khu ngh\u1ec9 d\u01b0\u1ee1ng<\/td>\n<\/tr>\n<\/tbody>\n<\/table>\n\n","protected":false},"excerpt":{"rendered":"","protected":false},"author":1,"featured_media":0,"parent":0,"menu_order":0,"comment_status":"closed","ping_status":"closed","template":"page-blank-title-center.php","meta":{"footnotes":""},"yst_prominent_words":[],"class_list":["post-943","page","type-page","status-publish","hentry"],"_links":{"self":[{"href":"https:\/\/nakagarden.vn\/index.php\/wp-json\/wp\/v2\/pages\/943","targetHints":{"allow":["GET"]}}],"collection":[{"href":"https:\/\/nakagarden.vn\/index.php\/wp-json\/wp\/v2\/pages"}],"about":[{"href":"https:\/\/nakagarden.vn\/index.php\/wp-json\/wp\/v2\/types\/page"}],"author":[{"embeddable":true,"href":"https:\/\/nakagarden.vn\/index.php\/wp-json\/wp\/v2\/users\/1"}],"replies":[{"embeddable":true,"href":"https:\/\/nakagarden.vn\/index.php\/wp-json\/wp\/v2\/comments?post=943"}],"version-history":[{"count":2,"href":"https:\/\/nakagarden.vn\/index.php\/wp-json\/wp\/v2\/pages\/943\/revisions"}],"predecessor-version":[{"id":945,"href":"https:\/\/nakagarden.vn\/index.php\/wp-json\/wp\/v2\/pages\/943\/revisions\/945"}],"wp:attachment":[{"href":"https:\/\/nakagarden.vn\/index.php\/wp-json\/wp\/v2\/media?parent=943"}],"wp:term":[{"taxonomy":"yst_prominent_words","embeddable":true,"href":"https:\/\/nakagarden.vn\/index.php\/wp-json\/wp\/v2\/yst_prominent_words?post=943"}],"curies":[{"name":"wp","href":"https:\/\/api.w.org\/{rel}","templated":true}]}}