{"id":951,"date":"2023-02-09T10:42:55","date_gmt":"2023-02-09T10:42:55","guid":{"rendered":"https:\/\/nakagarden.vn\/?page_id=951"},"modified":"2023-02-09T10:53:09","modified_gmt":"2023-02-09T10:53:09","slug":"dich-vu","status":"publish","type":"page","link":"https:\/\/nakagarden.vn\/index.php\/dich-vu\/","title":{"rendered":"D\u1ecbch v\u1ee5"},"content":{"rendered":"\t<section class=\"section\" id=\"section_1044922844\">\n\t\t<div class=\"bg section-bg fill bg-fill  bg-loaded\" >\n\n\t\t\t\n\t\t\t<div class=\"section-bg-overlay absolute fill\"><\/div>\n\t\t\t\n\n\t\t<\/div><!-- .section-bg -->\n\n\t\t<div class=\"section-content relative\">\n\t\t\t\n<div class=\"row row-large align-center\"  id=\"row-1523942033\">\n<div class=\"col medium-7 small-12 large-7\"  ><div class=\"col-inner text-center\"  >\n<p><strong><span style=\"font-size: 200%;\">D\u1ecbch v\u1ee5 t\u1ea1i N\u00e0ka Garden<\/span><\/strong><\/p>\n<\/div><\/div>\n\n<style scope=\"scope\">\n\n<\/style>\n<\/div>\n\t\t<\/div><!-- .section-content -->\n\n\t\t\n<style scope=\"scope\">\n\n#section_1044922844 {\n  padding-top: 0px;\n  padding-bottom: 0px;\n  background-color: rgb(193, 193, 193);\n}\n#section_1044922844 .section-bg-overlay {\n  background-color: rgba(255, 255, 255, 0.85);\n}\n<\/style>\n\t<\/section>\n\t\n\t<section class=\"section\" id=\"section_1048826172\">\n\t\t<div class=\"bg section-bg fill bg-fill  bg-loaded\" >\n\n\t\t\t\n\t\t\t<div class=\"section-bg-overlay absolute fill\"><\/div>\n\t\t\t\n\n\t\t<\/div><!-- .section-bg -->\n\n\t\t<div class=\"section-content relative\">\n\t\t\t\n<div class=\"row row-large align-middle\"  id=\"row-809978843\">\n<div class=\"col medium-6 small-12 large-6\"  ><div class=\"col-inner\"  >\n\t<div class=\"img has-hover x md-x lg-x y md-y lg-y\" id=\"image_1989522855\">\n\t\t<a class=\"\" href=\"https:\/\/nakagarden.vn\/index.php\/category\/service\/farmstay\/\" target=\"_self\" >\t\t\t\t\t\t<div class=\"img-inner dark\" >\n\t\t\t<img loading=\"lazy\" decoding=\"async\" width=\"1020\" height=\"574\" src=\"https:\/\/nakagarden.vn\/wp-content\/uploads\/2022\/12\/Loi-dan-nha-B-va-nha-C-1024x576.jpg\" class=\"attachment-large size-large\" alt=\"\" srcset=\"https:\/\/nakagarden.vn\/wp-content\/uploads\/2022\/12\/Loi-dan-nha-B-va-nha-C-1024x576.jpg 1024w, https:\/\/nakagarden.vn\/wp-content\/uploads\/2022\/12\/Loi-dan-nha-B-va-nha-C-300x169.jpg 300w, https:\/\/nakagarden.vn\/wp-content\/uploads\/2022\/12\/Loi-dan-nha-B-va-nha-C-768x432.jpg 768w, https:\/\/nakagarden.vn\/wp-content\/uploads\/2022\/12\/Loi-dan-nha-B-va-nha-C.jpg 1280w\" sizes=\"auto, (max-width: 1020px) 100vw, 1020px\" \/>\t\t\t\t\t\t\n\t\t\t\t\t<\/div>\n\t\t\t\t\t\t<\/a>\t\t\n<style scope=\"scope\">\n\n#image_1989522855 {\n  width: 100%;\n}\n<\/style>\n\t<\/div>\n\t\n<\/div><\/div>\n<div class=\"col medium-6 small-12 large-6\"  ><div class=\"col-inner text-left\"  >\n<p><strong><span style=\"font-size: 150%;\">L\u01b0u tr\u00fa<\/span><\/strong><\/p>\n<p>T\u00e2n L\u1eadp l\u00e0 m\u1ed9t x\u00e3 thu\u1ed9c huy\u1ec7n M\u1ed9c Ch\u00e2u, c\u00e1ch trung t\u00e2m th\u1ecb tr\u1ea5n kho\u1ea3ng 20 km v\u1ec1 h\u01b0\u1edbng B\u1eafc V\u1edbi di\u1ec7n t\u00edch h\u01a1n 98 km2, T\u00e2n L\u1eadp tr\u1edf th\u00e0nh \u0111i\u1ec3m du l\u1ecbch r\u1ea5t th\u00fa v\u1ecb b\u1edfi T\u00e2n L\u1eadp mang trong m\u00ecnh v\u1ebb \u0111\u1eb9p thi\u00ean nhi\u00ean t\u01b0\u01a1i \u0111\u1eb9p, b\u00ecnh y\u00ean v\u00e0 th\u01a1 m\u1ed9ng c\u1ee7a n\u00fai r\u1eebng T\u00e2y B\u1eafc&#8230;.<\/p>\n<a href=\"https:\/\/nakagarden.vn\/index.php\/category\/dich-vu\/luu-tru\/\" target=\"_self\" class=\"button primary\"  >\n    <span>\u0111\u1ecdc Ti\u1ebfp<\/span>\n  <\/a>\n\n<\/div><\/div>\n\n<style scope=\"scope\">\n\n<\/style>\n<\/div>\n\t\t<\/div><!-- .section-content -->\n\n\t\t\n<style scope=\"scope\">\n\n#section_1048826172 {\n  padding-top: 10px;\n  padding-bottom: 10px;\n  background-color: rgb(193, 193, 193);\n}\n#section_1048826172 .section-bg-overlay {\n  background-color: rgba(255, 255, 255, 0.85);\n}\n<\/style>\n\t<\/section>\n\t\n\t<section class=\"section\" id=\"section_2037741061\">\n\t\t<div class=\"bg section-bg fill bg-fill  bg-loaded\" >\n\n\t\t\t\n\t\t\t<div class=\"section-bg-overlay absolute fill\"><\/div>\n\t\t\t\n\n\t\t<\/div><!-- .section-bg -->\n\n\t\t<div class=\"section-content relative\">\n\t\t\t\n<div class=\"row row-large align-middle\"  id=\"row-1476252524\">\n<div class=\"col medium-6 small-12 large-6\"  ><div class=\"col-inner\"  >\n<div class=\"slider-wrapper relative\" id=\"slider-244941985\" >\n    <div class=\"slider slider-nav-circle slider-nav-large slider-nav-light slider-style-normal\"\n        data-flickity-options='{\n            \"cellAlign\": \"center\",\n            \"imagesLoaded\": true,\n            \"lazyLoad\": 1,\n            \"freeScroll\": false,\n            \"wrapAround\": true,\n            \"autoPlay\": 6000,\n            \"pauseAutoPlayOnHover\" : true,\n            \"prevNextButtons\": true,\n            \"contain\" : true,\n            \"adaptiveHeight\" : true,\n            \"dragThreshold\" : 10,\n            \"percentPosition\": true,\n            \"pageDots\": true,\n            \"rightToLeft\": false,\n            \"draggable\": true,\n            \"selectedAttraction\": 0.1,\n            \"parallax\" : 0,\n            \"friction\": 0.6        }'\n        >\n        \n\t<div class=\"img has-hover x md-x lg-x y md-y lg-y\" id=\"image_1445517787\">\n\t\t\t\t\t\t\t\t<div class=\"img-inner image-cover dark\" style=\"padding-top:250px;\">\n\t\t\t<img loading=\"lazy\" decoding=\"async\" width=\"800\" height=\"516\" src=\"https:\/\/nakagarden.vn\/wp-content\/uploads\/2022\/12\/image007.jpg\" class=\"attachment-large size-large\" alt=\"\" srcset=\"https:\/\/nakagarden.vn\/wp-content\/uploads\/2022\/12\/image007.jpg 800w, https:\/\/nakagarden.vn\/wp-content\/uploads\/2022\/12\/image007-300x194.jpg 300w, https:\/\/nakagarden.vn\/wp-content\/uploads\/2022\/12\/image007-768x495.jpg 768w\" sizes=\"auto, (max-width: 800px) 100vw, 800px\" \/>\t\t\t\t\t\t\n\t\t\t\t\t<\/div>\n\t\t\t\t\t\t\t\t\n<style scope=\"scope\">\n\n#image_1445517787 {\n  width: 100%;\n}\n<\/style>\n\t<\/div>\n\t\n\t<div class=\"img has-hover x md-x lg-x y md-y lg-y\" id=\"image_1640337207\">\n\t\t\t\t\t\t\t\t<div class=\"img-inner image-cover dark\" style=\"padding-top:300px;\">\n\t\t\t<img loading=\"lazy\" decoding=\"async\" width=\"259\" height=\"194\" src=\"https:\/\/nakagarden.vn\/wp-content\/uploads\/2022\/12\/image009.jpg\" class=\"attachment-large size-large\" alt=\"\" \/>\t\t\t\t\t\t\n\t\t\t\t\t<\/div>\n\t\t\t\t\t\t\t\t\n<style scope=\"scope\">\n\n#image_1640337207 {\n  width: 100%;\n}\n<\/style>\n\t<\/div>\n\t\n\t<div class=\"img has-hover x md-x lg-x y md-y lg-y\" id=\"image_312877557\">\n\t\t\t\t\t\t\t\t<div class=\"img-inner image-cover dark\" style=\"padding-top:300px;\">\n\t\t\t<img loading=\"lazy\" decoding=\"async\" width=\"1020\" height=\"575\" src=\"https:\/\/nakagarden.vn\/wp-content\/uploads\/2022\/12\/image005-1024x577.jpg\" class=\"attachment-large size-large\" alt=\"\" srcset=\"https:\/\/nakagarden.vn\/wp-content\/uploads\/2022\/12\/image005-1024x577.jpg 1024w, https:\/\/nakagarden.vn\/wp-content\/uploads\/2022\/12\/image005-300x169.jpg 300w, https:\/\/nakagarden.vn\/wp-content\/uploads\/2022\/12\/image005-768x433.jpg 768w, https:\/\/nakagarden.vn\/wp-content\/uploads\/2022\/12\/image005.jpg 1200w\" sizes=\"auto, (max-width: 1020px) 100vw, 1020px\" \/>\t\t\t\t\t\t\n\t\t\t\t\t<\/div>\n\t\t\t\t\t\t\t\t\n<style scope=\"scope\">\n\n#image_312877557 {\n  width: 100%;\n}\n<\/style>\n\t<\/div>\n\t\n     <\/div>\n\n     <div class=\"loading-spin dark large centered\"><\/div>\n\n     <style scope=\"scope\">\n             <\/style>\n<\/div><!-- .ux-slider-wrapper -->\n\n\n<\/div><\/div>\n<div class=\"col medium-6 small-12 large-6\"  ><div class=\"col-inner text-left\"  >\n<p><span style=\"font-size: 150%;\"><strong>Nh\u00e0 h\u00e0ng<\/strong><\/span><\/p>\n<p>\u0110\u1ec3 du kh\u00e1ch c\u00f3 th\u1ec3 t\u1eadn h\u01b0\u1edfng nh\u1eefng ng\u00e0y ngh\u1ec9 tr\u1ecdn ven t\u1ea1i N\u00e0Ka Garden, nh\u1eefng m\u00f3n \u0103n mang \u0111\u1eadm phong v\u1ecb \u0111\u1ecba ph\u01b0\u01a1ng \u0111\u01b0\u1ee3c l\u1ef1a ch\u1ecdn v\u00e0 gi\u1edbi thi\u1ec7u nh\u01b0 nh\u1eefng \u0111\u1eb7c s\u1ea3n:<\/p>\n<p><strong>1. G\u00e0 b\u1ea3n t\u1ea9m h\u1ea1t m\u1eafc kh\u00e9n n\u01b0\u1edbng<br \/>\n2. V\u1ecbt c\u1ed5 xanh \u01b0\u1edbp l\u00e1 r\u1eebng h\u1ea5p&#8230;<\/strong><\/p>\n<a href=\"https:\/\/nakagarden.vn\/index.php\/category\/service\/restaurant\/\" target=\"_self\" class=\"button primary\"  >\n    <span>\u0110\u1ecdc ti\u1ebfp<\/span>\n  <\/a>\n\n<\/div><\/div>\n\n<style scope=\"scope\">\n\n<\/style>\n<\/div>\n\t\t<\/div><!-- .section-content -->\n\n\t\t\n<style scope=\"scope\">\n\n#section_2037741061 {\n  padding-top: 10px;\n  padding-bottom: 10px;\n  background-color: rgb(193, 193, 193);\n}\n#section_2037741061 .section-bg-overlay {\n  background-color: rgba(255, 255, 255, 0.85);\n}\n<\/style>\n\t<\/section>\n\t\n\t<section class=\"section\" id=\"section_1501161903\">\n\t\t<div class=\"bg section-bg fill bg-fill  bg-loaded\" >\n\n\t\t\t\n\t\t\t<div class=\"section-bg-overlay absolute fill\"><\/div>\n\t\t\t\n\n\t\t<\/div><!-- .section-bg -->\n\n\t\t<div class=\"section-content relative\">\n\t\t\t\n<div class=\"row row-large align-middle\"  id=\"row-15013233\">\n<div class=\"col medium-6 small-12 large-6\"  ><div class=\"col-inner\"  >\n\t<div class=\"img has-hover x md-x lg-x y md-y lg-y\" id=\"image_566735941\">\n\t\t\t\t\t\t\t\t<div class=\"img-inner image-cover dark\" style=\"padding-top:250px;\">\n\t\t\t<img loading=\"lazy\" decoding=\"async\" width=\"1020\" height=\"717\" src=\"https:\/\/nakagarden.vn\/wp-content\/uploads\/2022\/12\/image001-2-e1670342269902-1024x720.jpg\" class=\"attachment-large size-large\" alt=\"\" srcset=\"https:\/\/nakagarden.vn\/wp-content\/uploads\/2022\/12\/image001-2-e1670342269902-1024x720.jpg 1024w, https:\/\/nakagarden.vn\/wp-content\/uploads\/2022\/12\/image001-2-e1670342269902-300x211.jpg 300w, https:\/\/nakagarden.vn\/wp-content\/uploads\/2022\/12\/image001-2-e1670342269902-768x540.jpg 768w, https:\/\/nakagarden.vn\/wp-content\/uploads\/2022\/12\/image001-2-e1670342269902.jpg 1081w\" sizes=\"auto, (max-width: 1020px) 100vw, 1020px\" \/>\t\t\t\t\t\t\n\t\t\t\t\t<\/div>\n\t\t\t\t\t\t\t\t\n<style scope=\"scope\">\n\n#image_566735941 {\n  width: 100%;\n}\n<\/style>\n\t<\/div>\n\t\n<\/div><\/div>\n<div class=\"col medium-6 small-12 large-6\"  ><div class=\"col-inner text-left\"  >\n<p><span style=\"font-size: 150%;\"><strong>V\u01b0\u1eddn qu\u1ea3 VietGap<\/strong><\/span><\/p>\n<p>\u1ede N\u00e0Ka Garden, m\u1ecdi lo\u1ea1i c\u00e2y \u0111\u1ec1u \u0111\u01b0\u1ee3c ch\u0103m s\u00f3c theo ti\u00eau chu\u1ea9n VietGap, du kh\u00e1ch c\u00f3 th\u1ec3 h\u00e1i tr\u00e1i c\u00e2y n\u00e0o \u01b0ng \u00fd nh\u1ea5t \u0111\u1ec3 th\u01b0\u1edfng th\u1ee9c li\u1ec1n tay.<br \/>\nTrong n\u0103m 2020, song song v\u1edbi qu\u00e1 tr\u00ecnh ho\u00e0n thi\u1ec7n h\u1ed3 s\u01a1 th\u00e0nh l\u1eadp H\u1ee3p t\u00e1c x\u00e3, qu\u00e1 tr\u00ecnh t\u1eadp hu\u1ea5n v\u00e0 h\u01b0\u1edbng d\u1eabn th\u1ef1c h\u00e0nh cho x\u00e3 vi\u00ean H\u1ee3p t\u00e1c x\u00e3 \u0111\u00e3 \u0111\u01b0\u1ee3c t\u1ed5 ch\u1ee9c b\u00e0i &#8230;<\/p>\n<a href=\"https:\/\/nakagarden.vn\/index.php\/category\/dich-vu\/vuon-qua-vietgap\/\" target=\"_self\" class=\"button primary\"  >\n    <span>\u0110\u1ecdc ti\u1ebfp<\/span>\n  <\/a>\n\n<\/div><\/div>\n\n<style scope=\"scope\">\n\n<\/style>\n<\/div>\n\t\t<\/div><!-- .section-content -->\n\n\t\t\n<style scope=\"scope\">\n\n#section_1501161903 {\n  padding-top: 10px;\n  padding-bottom: 10px;\n  background-color: rgb(193, 193, 193);\n}\n#section_1501161903 .section-bg-overlay {\n  background-color: rgba(255, 255, 255, 0.85);\n}\n<\/style>\n\t<\/section>\n\t\n\t<section class=\"section\" id=\"section_1106020892\">\n\t\t<div class=\"bg section-bg fill bg-fill  bg-loaded\" >\n\n\t\t\t\n\t\t\t<div class=\"section-bg-overlay absolute fill\"><\/div>\n\t\t\t\n\n\t\t<\/div><!-- .section-bg -->\n\n\t\t<div class=\"section-content relative\">\n\t\t\t\n<div class=\"row row-large align-middle\"  id=\"row-580266931\">\n<div class=\"col medium-6 small-12 large-6\"  ><div class=\"col-inner\"  >\n\t<div class=\"img has-hover x md-x lg-x y md-y lg-y\" id=\"image_828255605\">\n\t\t\t\t\t\t\t\t<div class=\"img-inner dark\" >\n\t\t\t<img loading=\"lazy\" decoding=\"async\" width=\"1020\" height=\"563\" src=\"https:\/\/nakagarden.vn\/wp-content\/uploads\/2023\/01\/nakagarden-flycam-view-1024x565.jpg\" class=\"attachment-large size-large\" alt=\"\" srcset=\"https:\/\/nakagarden.vn\/wp-content\/uploads\/2023\/01\/nakagarden-flycam-view-1024x565.jpg 1024w, https:\/\/nakagarden.vn\/wp-content\/uploads\/2023\/01\/nakagarden-flycam-view-300x166.jpg 300w, https:\/\/nakagarden.vn\/wp-content\/uploads\/2023\/01\/nakagarden-flycam-view-768x424.jpg 768w, https:\/\/nakagarden.vn\/wp-content\/uploads\/2023\/01\/nakagarden-flycam-view.jpg 1080w\" sizes=\"auto, (max-width: 1020px) 100vw, 1020px\" \/>\t\t\t\t\t\t\n\t\t\t\t\t<\/div>\n\t\t\t\t\t\t\t\t\n<style scope=\"scope\">\n\n#image_828255605 {\n  width: 100%;\n}\n<\/style>\n\t<\/div>\n\t\n<\/div><\/div>\n<div class=\"col medium-6 small-12 large-6\"  ><div class=\"col-inner text-left\"  >\n<p><span style=\"font-size: 150%;\"><strong>Du l\u1ecbch M\u1ed9c Ch\u00e2u 3N2\u0110<\/strong><\/span><\/p>\n<p>V\u1edbi qu\u1ef9 th\u1eddi gian 3 ng\u00e0y, b\u1ea1n kh\u00f4ng bi\u1ebft ph\u1ea3i l\u00e0m g\u00ec g\u1ea7n H\u00e0 N\u1ed9i, ch\u00fang t\u00f4i khuy\u00ean b\u1ea1n n\u00ean \u0111\u1ebfn v\u1edbi tour du l\u1ecbch 3 ng\u00e0y 2 \u0111\u00eam quanh th\u1ecb tr\u1ea5n M\u1ed9c Ch\u00e2u, m\u1ed9t n\u01a1i n\u1ed5i ti\u1ebfng, y\u00ean b\u00ecnh v\u00e0 ho\u00e0n to\u00e0n t\u1ef1 nhi\u00ean s\u1ebd \u0111\u01b0a b\u1ea1n \u0111\u1ebfn g\u1ea7n h\u01a1n. thi\u00ean nhi\u00ean&#8230;<\/p>\n<a href=\"https:\/\/nakagarden.vn\/index.php\/category\/dich-vu\/du-lich-moc-chau\/\" target=\"_self\" class=\"button primary\"  >\n    <span>\u0110\u1ecdc ti\u1ebfp<\/span>\n  <\/a>\n\n<\/div><\/div>\n\n<style scope=\"scope\">\n\n<\/style>\n<\/div>\n\t\t<\/div><!-- .section-content -->\n\n\t\t\n<style scope=\"scope\">\n\n#section_1106020892 {\n  padding-top: 10px;\n  padding-bottom: 10px;\n  background-color: rgb(193, 193, 193);\n}\n#section_1106020892 .section-bg-overlay {\n  background-color: rgba(255, 255, 255, 0.85);\n}\n<\/style>\n\t<\/section>\n\t\n\t<section class=\"section\" id=\"section_466251516\">\n\t\t<div class=\"bg section-bg fill bg-fill  bg-loaded\" >\n\n\t\t\t\n\t\t\t<div class=\"section-bg-overlay absolute fill\"><\/div>\n\t\t\t\n\n\t\t<\/div><!-- .section-bg -->\n\n\t\t<div class=\"section-content relative\">\n\t\t\t\n<div class=\"row row-large align-middle\"  id=\"row-834687833\">\n<div class=\"col medium-6 small-12 large-6\"  ><div class=\"col-inner\"  >\n\t<div class=\"img has-hover x md-x lg-x y md-y lg-y\" id=\"image_1194250276\">\n\t\t\t\t\t\t\t\t<div class=\"img-inner image-cover dark\" style=\"padding-top:250px;\">\n\t\t\t<img loading=\"lazy\" decoding=\"async\" width=\"1020\" height=\"951\" src=\"https:\/\/nakagarden.vn\/wp-content\/uploads\/2022\/12\/Nha-D_ben-trong-1024x955.jpg\" class=\"attachment-large size-large\" alt=\"\" srcset=\"https:\/\/nakagarden.vn\/wp-content\/uploads\/2022\/12\/Nha-D_ben-trong-1024x955.jpg 1024w, https:\/\/nakagarden.vn\/wp-content\/uploads\/2022\/12\/Nha-D_ben-trong-300x280.jpg 300w, https:\/\/nakagarden.vn\/wp-content\/uploads\/2022\/12\/Nha-D_ben-trong-768x716.jpg 768w, https:\/\/nakagarden.vn\/wp-content\/uploads\/2022\/12\/Nha-D_ben-trong.jpg 1280w\" sizes=\"auto, (max-width: 1020px) 100vw, 1020px\" \/>\t\t\t\t\t\t\n\t\t\t\t\t<\/div>\n\t\t\t\t\t\t\t\t\n<style scope=\"scope\">\n\n#image_1194250276 {\n  width: 100%;\n}\n<\/style>\n\t<\/div>\n\t\n<\/div><\/div>\n<div class=\"col medium-6 small-12 large-6\"  ><div class=\"col-inner text-left\"  >\n<p><strong><span style=\"font-size: 150%;\">D\u1ecbch v\u1ee5 ti\u1ec7n \u00edch<\/span><\/strong><\/p>\n<p>H\u00e3y xem nh\u1eefng ti\u1ec7n \u00edch m\u00e0 NakaGarden cung c\u1ea5p. C\u00f9ng v\u1edbi m\u1ed9t s\u1ed1 d\u1ecbch v\u1ee5 \u0111\u01b0\u1ee3c cung c\u1ea5p mi\u1ec5n ph\u00ed cho ph\u00e9p b\u1ea1n c\u00f3 nh\u1eefng gi\u00e2y ph\u00fat vui v\u1ebb tr\u1ecdn v\u1eb9n t\u1ea1i&#8230;<\/p>\n<a href=\"https:\/\/nakagarden.vn\/index.php\/dich-vu-tien-ich\/\" target=\"_self\" class=\"button primary\"  >\n    <span>\u0110\u1ecdc ti\u1ebfp<\/span>\n  <\/a>\n\n<\/div><\/div>\n\n<style scope=\"scope\">\n\n<\/style>\n<\/div>\n\t\t<\/div><!-- .section-content -->\n\n\t\t\n<style scope=\"scope\">\n\n#section_466251516 {\n  padding-top: 10px;\n  padding-bottom: 10px;\n  background-color: rgb(193, 193, 193);\n}\n#section_466251516 .section-bg-overlay {\n  background-color: rgba(255, 255, 255, 0.85);\n}\n<\/style>\n\t<\/section>\n\t\n","protected":false},"excerpt":{"rendered":"","protected":false},"author":1,"featured_media":0,"parent":0,"menu_order":0,"comment_status":"closed","ping_status":"closed","template":"","meta":{"footnotes":""},"yst_prominent_words":[],"class_list":["post-951","page","type-page","status-publish","hentry"],"_links":{"self":[{"href":"https:\/\/nakagarden.vn\/index.php\/wp-json\/wp\/v2\/pages\/951","targetHints":{"allow":["GET"]}}],"collection":[{"href":"https:\/\/nakagarden.vn\/index.php\/wp-json\/wp\/v2\/pages"}],"about":[{"href":"https:\/\/nakagarden.vn\/index.php\/wp-json\/wp\/v2\/types\/page"}],"author":[{"embeddable":true,"href":"https:\/\/nakagarden.vn\/index.php\/wp-json\/wp\/v2\/users\/1"}],"replies":[{"embeddable":true,"href":"https:\/\/nakagarden.vn\/index.php\/wp-json\/wp\/v2\/comments?post=951"}],"version-history":[{"count":6,"href":"https:\/\/nakagarden.vn\/index.php\/wp-json\/wp\/v2\/pages\/951\/revisions"}],"predecessor-version":[{"id":960,"href":"https:\/\/nakagarden.vn\/index.php\/wp-json\/wp\/v2\/pages\/951\/revisions\/960"}],"wp:attachment":[{"href":"https:\/\/nakagarden.vn\/index.php\/wp-json\/wp\/v2\/media?parent=951"}],"wp:term":[{"taxonomy":"yst_prominent_words","embeddable":true,"href":"https:\/\/nakagarden.vn\/index.php\/wp-json\/wp\/v2\/yst_prominent_words?post=951"}],"curies":[{"name":"wp","href":"https:\/\/api.w.org\/{rel}","templated":true}]}}